{"id":118,"date":"2024-04-23T11:11:54","date_gmt":"2024-04-23T11:11:54","guid":{"rendered":"https:\/\/cabuff.ceos.uni-kiel.de\/?page_id=118"},"modified":"2026-03-27T20:15:10","modified_gmt":"2026-03-27T20:15:10","slug":"documentaries-beyond-science-communication","status":"publish","type":"page","link":"https:\/\/cabuff.ceos.uni-kiel.de\/?page_id=118","title":{"rendered":"Stories beyond Science Communication"},"content":{"rendered":"\n<p>Documentaries are often scripted and edited by non-academics. At cabu:ff scientists tell their stories by using state-of-the art storytelling approaches and technical skills. Here, we feature some of our documentaries and stories which are available on YouTube, project websites or official screenings in cinemas.<\/p>\n\n\n\n<div style=\"height:0px\" aria-hidden=\"true\" class=\"wp-block-spacer\"><\/div>\n\n\n\n<h2 class=\"wp-block-heading\">Maria S. Merian 360 &#8211; Alltag an Bord <\/h2>\n\n\n\n<div class=\"wp-block-media-text has-media-on-the-right is-stacked-on-mobile is-vertically-aligned-top\" style=\"grid-template-columns:auto 38%\"><div class=\"wp-block-media-text__content\">\n<p><strong>Book your ticket here: <a href=\"https:\/\/www.studio-filmtheater.de\/movie\/alltag-an-bord\" target=\"_blank\" rel=\"noreferrer noopener\">https:\/\/www.studio-filmtheater.de\/movie\/alltag-an-bord<\/a><\/strong><\/p>\n\n\n\n<p><strong>Premiere: 17.5.2026 &#8211; 17:00 Studio Filmtheater, Kiel<\/strong><\/p>\n\n\n\n<p class=\"has-text-align-left\"><strong>Alltag an Bord &#8211; Kurzfilmpremiere und Pr\u00e4sentation: begleitenden Ausstellung mit Exponaten und interaktiven Touchscreens in der Kino-Bar<\/strong> Deutschland 2025 | 8 x 5 Minuten | Felix Gross (Producer\/Director) | Jannes Vollert (Directing DoP) | Josephin Wolf (Production Assistent) | Oliver Eisermann (Production Assistent)<\/p>\n\n\n\n<p>Abenteuer, Arbeit und Alltag pr\u00e4gen das Leben an Bord eines modernen Forschungsschiffs. Damit wissenschaftliche Expeditionen auf den Weltmeeren u\u00a8berhaupt m\u00f6glich sind, braucht es ein eingespieltes Team unterschiedlichster Fachleute, die rund um die Uhr den Betrieb des Schiffs gew\u00e4hrleisten. Die Kurz-Dokumentarfilmreihe \u201eAlltag an Bord\u201c \u00f6ffnet das Schott zu diesen sonst verborgenen Arbeitswelten. Sie bietet rare, authentische Einblicke hinter die Kulissen der Meeresforschung und r\u00fcckt die Menschen in den Mittelpunkt, die diese Missionen erm\u00f6glichen: Vom Kapit\u00e4n u\u00a8ber den Schiffskoch bis hin zur Ingenieurin erz\u00e4hlen sie, wie sie das Leben und Arbeiten auf See erleben \u2013 und welche pers\u00f6nlichen Wege sie dorthin gef\u00fchrt haben. \u201eAlltag an Bord\u201c ist eine Hommage an diejenigen, die den Ozean zu ihrem Arbeitsplatz gemacht haben, und eine Einladung, die faszinierende Welt maritimer Forschung neu zu entdecken.<\/p>\n\n\n\n<p class=\"has-text-align-left\">Maria S. Merian 360 \u2013 eine interaktive Forschungsreise Forschungsschiffe sind eine der letzten M\u00f6glichkeiten, noch unentdeckte Orte auf unserer Erde zu erforschen. Komm mit an Bord des Forschungsschiffs \u201eMaria S. Merian\u201d und entdecke verborgene Geschichten und faszinierende Schaupl\u00e4tze. Erfahre von den Menschen an Bord aus erster Hand spannende Details \u00fcber Forschung und Seefahrt. Nimm dir Zeit und erkunde das Schiff auf deine Weise \u2013 ganz ohne das Risiko, seekrank zu werden. Mithilfe des virtuellen Tools \u201eMaria S. Merian 360\u00b0\u201d gew\u00e4hren Wissenschaftler:innen der Christian-Albrechts-Universit\u00e4t zu Kiel und Seeleute der Reederei Briese Research einzigartige Einblicke in das Leben an Bord sowie in die technische Ausstattung des Schiffs. Besonders anschaulich werden dabei die Forschungsarbeiten im Rahmen des Projekts MULTI-MAREX vorgestellt, das von der Deutschen Allianz Meeresforschung gef\u00f6rdert wird \u2013 informativ, spannend und unterhaltsam zugleich. Die Premiere von \u201eMaria S. Merian 360\u201d umfasst eine gemeinsame Pr\u00e4sentation der Tool-Highlights im Kinosaal sowie das individuelle Erkunden des Forschungsschiffs im Rahmen der begleitenden Ausstellung mit Exponaten und interaktiven Touchscreens in der Bar des Studio Filmtheaters.<\/p>\n\n\n\n<p><\/p>\n\n\n\n<p><\/p>\n<\/div><figure class=\"wp-block-media-text__media\"><img loading=\"lazy\" decoding=\"async\" width=\"723\" height=\"1024\" src=\"https:\/\/cabuff.ceos.uni-kiel.de\/wp-content\/uploads\/2026\/03\/MSM360_Poster-723x1024.jpg\" alt=\"\" class=\"wp-image-650 size-full\" srcset=\"https:\/\/cabuff.ceos.uni-kiel.de\/wp-content\/uploads\/2026\/03\/MSM360_Poster-723x1024.jpg 723w, https:\/\/cabuff.ceos.uni-kiel.de\/wp-content\/uploads\/2026\/03\/MSM360_Poster-212x300.jpg 212w, https:\/\/cabuff.ceos.uni-kiel.de\/wp-content\/uploads\/2026\/03\/MSM360_Poster.jpg 1683w\" sizes=\"auto, (max-width: 723px) 100vw, 723px\" \/><\/figure><\/div>\n\n\n\n<h2 class=\"wp-block-heading has-text-align-left\">Cinematic Documentary &#8220;Seeluft statt Lockdown&#8221; <\/h2>\n\n\n\n<div class=\"wp-block-media-text has-media-on-the-right is-stacked-on-mobile is-vertically-aligned-top\" style=\"grid-template-columns:auto 38%\"><div class=\"wp-block-media-text__content\">\n<p class=\"has-text-align-left\">In spring 2021, the coronavirus pandemic forces politicians to take numerous measures that severely restrict public life. Universities of applied sciences and universities have been hit particularly hard: Not only is learning being shifted to remote locations, but financing studies is also becoming a major challenge for many due to the loss of part-time jobs. Marine research in particular is suffering from the cancellation of expeditions. Research vessels are even to be put on hold until the pandemic situation improves. Under many protective measures, four scientists and 14 students from various marine disciplines set off for Eastern Canada on the research vessel Maria S. Merian in June 2021. The aim is to investigate the variability of the Gulf Stream and Labrador Current over the last 10,000 years. In the documentary &#8220;Seeluft satt Lockdown&#8221;, Kiel marine geophysicist Dr Felix Gross provides an insight into marine research and the students&#8217; commitment on the high seas.<\/p>\n\n\n\n<p><\/p>\n\n\n\n<p>The documentary screened first during the CINEMARE International Film Festival 2024. Further screenings will be announced via the Center for Ocean and Society and Kiel Marine Science. <\/p>\n\n\n\n<p>It is now available here: <a href=\"https:\/\/youtu.be\/LajG1ePgrM8?si=WDgF5TRaMojVg4Nk\" target=\"_blank\" rel=\"noreferrer noopener\">https:\/\/youtu.be\/LajG1ePgrM8?si=WDgF5TRaMojVg4Nk<\/a><\/p>\n<\/div><figure class=\"wp-block-media-text__media\"><img loading=\"lazy\" decoding=\"async\" width=\"683\" height=\"1024\" src=\"https:\/\/cabuff.ceos.uni-kiel.de\/wp-content\/uploads\/2024\/09\/Poster_SeeluftstattLockdown_klein-683x1024.jpg\" alt=\"\" class=\"wp-image-403 size-full\" srcset=\"https:\/\/cabuff.ceos.uni-kiel.de\/wp-content\/uploads\/2024\/09\/Poster_SeeluftstattLockdown_klein-683x1024.jpg 683w, https:\/\/cabuff.ceos.uni-kiel.de\/wp-content\/uploads\/2024\/09\/Poster_SeeluftstattLockdown_klein-200x300.jpg 200w, https:\/\/cabuff.ceos.uni-kiel.de\/wp-content\/uploads\/2024\/09\/Poster_SeeluftstattLockdown_klein-768x1152.jpg 768w, https:\/\/cabuff.ceos.uni-kiel.de\/wp-content\/uploads\/2024\/09\/Poster_SeeluftstattLockdown_klein-1024x1536.jpg 1024w, https:\/\/cabuff.ceos.uni-kiel.de\/wp-content\/uploads\/2024\/09\/Poster_SeeluftstattLockdown_klein-1365x2048.jpg 1365w, https:\/\/cabuff.ceos.uni-kiel.de\/wp-content\/uploads\/2024\/09\/Poster_SeeluftstattLockdown_klein-scaled.jpg 1706w\" sizes=\"auto, (max-width: 683px) 100vw, 683px\" \/><\/figure><\/div>\n\n\n\n<div style=\"height:79px\" aria-hidden=\"true\" class=\"wp-block-spacer\"><\/div>\n\n\n\n<h1 class=\"wp-block-heading has-text-align-center\">LabChats &#8211; a cabu:ff original format<\/h1>\n\n\n\n<h2 class=\"wp-block-heading\">LabChat Dr. rer. nat. Marian Hu &#8211; How organisms survive in a changing marine environment<\/h2>\n\n\n\n<center><iframe loading=\"lazy\" width=\"560\" height=\"315\" src=\"https:\/\/www.youtube.com\/embed\/tuigeeIuZQA?si=owDqYp-Yscpbb7ne\" title=\"YouTube video player\" frameborder=\"0\" allow=\"accelerometer; autoplay; clipboard-write; encrypted-media; gyroscope; picture-in-picture; web-share\" referrerpolicy=\"strict-origin-when-cross-origin\" allowfullscreen><\/iframe><\/center>\n\n\n\n<h2 class=\"wp-block-heading\">LabChat Prof. Dr. Arne Biastoch &#8211; How far do we need to resolve ocean models? <\/h2>\n\n\n\n<center><iframe loading=\"lazy\" width=\"560\" height=\"315\" src=\"https:\/\/www.youtube.com\/embed\/i6lUYxrepDM?si=4q83WFgGPONV3XZB\" title=\"YouTube video player\" frameborder=\"0\" allow=\"accelerometer; autoplay; clipboard-write; encrypted-media; gyroscope; picture-in-picture; web-share\" referrerpolicy=\"strict-origin-when-cross-origin\" allowfullscreen><\/iframe><center>\n\n\n\n<h2 class=\"wp-block-heading\">LabChat Prof. Dr. Natascha Oppelt &#8211; Remote Sensing: Far more than just an image <\/h2>\n\n\n\n<center><iframe loading=\"lazy\" width=\"560\" height=\"315\" src=\"https:\/\/www.youtube.com\/embed\/vf8klBJX8iE?si=ab2OlPZ3VwIxMqba\" title=\"YouTube video player\" frameborder=\"0\" allow=\"accelerometer; autoplay; clipboard-write; encrypted-media; gyroscope; picture-in-picture; web-share\" referrerpolicy=\"strict-origin-when-cross-origin\" allowfullscreen><\/iframe><\/center>\n\n\n\n<h2 class=\"wp-block-heading\">LabChat Prof. Dr. Olivia Roth &#8211; Pipefish, seahorses and host-microbe interactions <\/h2>\n\n\n\n<center><iframe loading=\"lazy\" width=\"560\" height=\"315\" src=\"https:\/\/www.youtube.com\/embed\/q_SEdrPJOtQ?si=FOhBL5lNOoLodzxE\" title=\"YouTube video player\" frameborder=\"0\" allow=\"accelerometer; autoplay; clipboard-write; encrypted-media; gyroscope; picture-in-picture; web-share\" referrerpolicy=\"strict-origin-when-cross-origin\" allowfullscreen><\/iframe><\/center>\n\n\n\n<div style=\"height:100px\" aria-hidden=\"true\" class=\"wp-block-spacer\"><\/div>\n\n\n\n<h1 class=\"wp-block-heading has-text-align-center\">OnBoardChats &#8211; a cabu:ff original format <\/h1>\n\n\n\n<h2 class=\"wp-block-heading\">On Board Chat with Dr. Felix Gross<\/h2>\n\n\n\n<center><iframe loading=\"lazy\" width=\"560\" height=\"315\" src=\"https:\/\/www.youtube.com\/embed\/q2ztEQCaYwM?si=gf3rTDCc_h_OqpZ4\" title=\"YouTube video player\" frameborder=\"0\" allow=\"accelerometer; autoplay; clipboard-write; encrypted-media; gyroscope; picture-in-picture; web-share\" referrerpolicy=\"strict-origin-when-cross-origin\" allowfullscreen=\"\"><\/iframe><\/center>\n\n\n\n<h2 class=\"wp-block-heading\">On Board Chat with Dr. Florian Petersen<\/h2>\n\n\n\n<center><iframe loading=\"lazy\" width=\"560\" height=\"315\" src=\"https:\/\/www.youtube.com\/embed\/eXkuiatBnW0?si=zNG7wbbZN-NYfFrV\" title=\"YouTube video player\" frameborder=\"0\" allow=\"accelerometer; autoplay; clipboard-write; encrypted-media; gyroscope; picture-in-picture; web-share\" referrerpolicy=\"strict-origin-when-cross-origin\" allowfullscreen><\/iframe><\/center>\n\n\n\n<h2 class=\"wp-block-heading\">On Board Chat with Dr. Henriette Kolling<\/h2>\n\n\n\n<center><iframe loading=\"lazy\" width=\"560\" height=\"315\" src=\"https:\/\/www.youtube.com\/embed\/Jftmev6O2cY?si=ByNTHmB3y_5-dOvQ\" title=\"YouTube video player\" frameborder=\"0\" allow=\"accelerometer; autoplay; clipboard-write; encrypted-media; gyroscope; picture-in-picture; web-share\" referrerpolicy=\"strict-origin-when-cross-origin\" allowfullscreen><\/iframe><center>\n\n\n\n<h2 class=\"wp-block-heading\">On Board Chat with Dr. Rachel Barrett<\/h2>\n\n\n\n<center><iframe loading=\"lazy\" width=\"560\" height=\"315\" src=\"https:\/\/www.youtube.com\/embed\/qLjBdcczGEE?si=EYQXdjAIVwbGpVv5\" title=\"YouTube video player\" frameborder=\"0\" allow=\"accelerometer; autoplay; clipboard-write; encrypted-media; gyroscope; picture-in-picture; web-share\" referrerpolicy=\"strict-origin-when-cross-origin\" allowfullscreen><\/iframe><\/center>\n\n\n\n<h2 class=\"wp-block-heading\">On Board Chat with Dr. Alessandro Bonforte<\/h2>\n\n\n\n<center><iframe loading=\"lazy\" width=\"560\" height=\"315\" src=\"https:\/\/www.youtube.com\/embed\/1RrdpKddfPo?si=jjT2iMJ25o0dhVg1\" title=\"YouTube video player\" frameborder=\"0\" allow=\"accelerometer; autoplay; clipboard-write; encrypted-media; gyroscope; picture-in-picture; web-share\" referrerpolicy=\"strict-origin-when-cross-origin\" allowfullscreen><\/iframe><\/center>\n\n\n\n<h2 class=\"wp-block-heading\">On Board Chat with Prof. Dr. Morelia Urlaub<\/h2>\n\n\n\n<center><iframe loading=\"lazy\" width=\"560\" height=\"315\" src=\"https:\/\/www.youtube.com\/embed\/0hMP4XcOInM?si=PXDANx1ImbG432FX\" title=\"YouTube video player\" frameborder=\"0\" allow=\"accelerometer; autoplay; clipboard-write; encrypted-media; gyroscope; picture-in-picture; web-share\" referrerpolicy=\"strict-origin-when-cross-origin\" allowfullscreen><\/iframe><\/center>\n\n\n\n<p><\/p>\n\n\n\n<h1 class=\"wp-block-heading has-text-align-center\">Project Related Short Documentaries<\/h1>\n\n\n\n<div style=\"height:0px\" aria-hidden=\"true\" class=\"wp-block-spacer\"><\/div>\n\n\n\n<h2 class=\"wp-block-heading has-text-align-left\">Project Documentary &#8220;BridgET Erasmus+ Project&#8221;<\/h2>\n\n\n\n<div class=\"wp-block-columns is-layout-flex wp-container-core-columns-is-layout-28f84493 wp-block-columns-is-layout-flex\">\n<div class=\"wp-block-column is-layout-flow wp-block-column-is-layout-flow\" style=\"flex-basis:100%\">\n<center><iframe loading=\"lazy\" width=\"560\" height=\"315\" src=\"https:\/\/www.youtube.com\/embed\/b-KdmOOsh8o?si=SMK8k-WVfHgA7739\" title=\"YouTube video player\" frameborder=\"0\" allow=\"accelerometer; autoplay; clipboard-write; encrypted-media; gyroscope; picture-in-picture; web-share\" referrerpolicy=\"strict-origin-when-cross-origin\" allowfullscreen><\/iframe><\/center>\n<\/div>\n<\/div>\n\n\n\n<h2 class=\"wp-block-heading has-text-align-left\">Short Documentary &#8220;Die Kartierung der untermeerischen Flanke der Kanareninsel La Palma&#8221;<\/h2>\n\n\n\n<center><iframe loading=\"lazy\" width=\"560\" height=\"315\" src=\"https:\/\/www.youtube.com\/embed\/9CJssNVYGws?si=uSsVMpGCjm1IwXLV\" title=\"YouTube video player\" frameborder=\"0\" allow=\"accelerometer; autoplay; clipboard-write; encrypted-media; gyroscope; picture-in-picture; web-share\" referrerpolicy=\"strict-origin-when-cross-origin\" allowfullscreen><\/iframe><\/center>\n\n\n\n<div style=\"height:100px\" aria-hidden=\"true\" class=\"wp-block-spacer\"><\/div>\n\n\n\n<p><\/p>\n","protected":false},"excerpt":{"rendered":"<p>Documentaries are often scripted and edited by non-academics. At cabu:ff scientists tell their stories by using state-of-the art storytelling approaches and technical skills. Here, we feature some of our documentaries and stories which are available on YouTube, project websites or official screenings in cinemas. Maria S. Merian 360 &#8211; Alltag an Bord Book your ticket &hellip; <\/p>\n<p class=\"link-more\"><a href=\"https:\/\/cabuff.ceos.uni-kiel.de\/?page_id=118\" class=\"more-link\">Read more<span class=\"screen-reader-text\"> &#8220;Stories beyond Science Communication&#8221;<\/span><\/a><\/p>\n","protected":false},"author":1,"featured_media":0,"parent":0,"menu_order":0,"comment_status":"closed","ping_status":"closed","template":"","meta":{"iawp_total_views":68,"footnotes":""},"class_list":["post-118","page","type-page","status-publish","hentry"],"featured_media_urls":[],"_links":{"self":[{"href":"https:\/\/cabuff.ceos.uni-kiel.de\/index.php?rest_route=\/wp\/v2\/pages\/118","targetHints":{"allow":["GET"]}}],"collection":[{"href":"https:\/\/cabuff.ceos.uni-kiel.de\/index.php?rest_route=\/wp\/v2\/pages"}],"about":[{"href":"https:\/\/cabuff.ceos.uni-kiel.de\/index.php?rest_route=\/wp\/v2\/types\/page"}],"author":[{"embeddable":true,"href":"https:\/\/cabuff.ceos.uni-kiel.de\/index.php?rest_route=\/wp\/v2\/users\/1"}],"replies":[{"embeddable":true,"href":"https:\/\/cabuff.ceos.uni-kiel.de\/index.php?rest_route=%2Fwp%2Fv2%2Fcomments&post=118"}],"version-history":[{"count":26,"href":"https:\/\/cabuff.ceos.uni-kiel.de\/index.php?rest_route=\/wp\/v2\/pages\/118\/revisions"}],"predecessor-version":[{"id":660,"href":"https:\/\/cabuff.ceos.uni-kiel.de\/index.php?rest_route=\/wp\/v2\/pages\/118\/revisions\/660"}],"wp:attachment":[{"href":"https:\/\/cabuff.ceos.uni-kiel.de\/index.php?rest_route=%2Fwp%2Fv2%2Fmedia&parent=118"}],"curies":[{"name":"wp","href":"https:\/\/api.w.org\/{rel}","templated":true}]}}